{"id":15,"date":"2025-11-10T12:31:11","date_gmt":"2025-11-10T12:31:11","guid":{"rendered":"https:\/\/schahrasad-abiad.com\/services"},"modified":"2025-12-28T21:30:38","modified_gmt":"2025-12-28T21:30:38","slug":"services","status":"publish","type":"page","link":"https:\/\/schahrasad-abiad.com\/en\/services\/","title":{"rendered":"Offerings"},"content":{"rendered":"<div data-elementor-type=\"wp-page\" data-elementor-id=\"15\" class=\"elementor elementor-15\">\n\t\t\t\t<div class=\"elementor-element elementor-element-93263f3 e-flex e-con-boxed e-con e-parent\" data-id=\"93263f3\" data-element_type=\"container\" data-settings=\"{&quot;background_background&quot;:&quot;classic&quot;}\">\n\t\t\t\t\t<div class=\"e-con-inner\">\n\t\t<div class=\"elementor-element elementor-element-6c32ff7 e-flex e-con-boxed e-con e-child\" data-id=\"6c32ff7\" data-element_type=\"container\">\n\t\t\t\t\t<div class=\"e-con-inner\">\n\t\t\t\t<div class=\"elementor-element elementor-element-888fcee elementor-widget elementor-widget-heading\" data-id=\"888fcee\" data-element_type=\"widget\" data-widget_type=\"heading.default\">\n\t\t\t\t<div class=\"elementor-widget-container\">\n\t\t\t\t\t<h1 class=\"elementor-heading-title elementor-size-default\">Offerings<\/h1>\t\t\t\t<\/div>\n\t\t\t\t<\/div>\n\t\t\t\t\t<\/div>\n\t\t\t\t<\/div>\n\t\t\t\t\t<\/div>\n\t\t\t\t<\/div>\n\t\t<div class=\"elementor-element elementor-element-553377f e-flex e-con-boxed e-con e-parent\" data-id=\"553377f\" data-element_type=\"container\" data-settings=\"{&quot;background_background&quot;:&quot;classic&quot;}\">\n\t\t\t\t\t<div class=\"e-con-inner\">\n\t\t\t\t<div class=\"elementor-element elementor-element-416b7f6 elementor-widget elementor-widget-heading\" data-id=\"416b7f6\" data-element_type=\"widget\" data-widget_type=\"heading.default\">\n\t\t\t\t<div class=\"elementor-widget-container\">\n\t\t\t\t\t<h2 class=\"elementor-heading-title elementor-size-default\">Who Is This For?  <\/h2>\t\t\t\t<\/div>\n\t\t\t\t<\/div>\n\t\t\t\t<div class=\"elementor-element elementor-element-cb749c1 elementor-widget__width-initial elementor-widget-mobile__width-initial elementor-widget elementor-widget-text-editor\" data-id=\"cb749c1\" data-element_type=\"widget\" data-widget_type=\"text-editor.default\">\n\t\t\t\t<div class=\"elementor-widget-container\">\n\t\t\t\t\t\t\t\t\t<p style=\"text-align: left;\" data-start=\"275\" data-end=\"537\">My work is dedicated to individuals and organizations seeking more than short-term solutions. I support processes centered on inner stability, healing, and conscious change\u2014grounded in professional expertise, trauma-sensitive practice, and a holistic approach.<\/p>\t\t\t\t\t\t\t\t<\/div>\n\t\t\t\t<\/div>\n\t\t\t\t<div class=\"elementor-element elementor-element-8923a4e elementor-widget elementor-widget-heading\" data-id=\"8923a4e\" data-element_type=\"widget\" data-widget_type=\"heading.default\">\n\t\t\t\t<div class=\"elementor-widget-container\">\n\t\t\t\t\t<h2 class=\"elementor-heading-title elementor-size-default\"><span class=\"elementor-heading-title elementor-size-default elementor-inline-editing pen\" data-elementor-setting-key=\"title\" data-pen-placeholder=\"Eingabe hier...\" style=\"border: 0px;font-size: 45px;vertical-align: baseline;clear: both;line-height: 1.3em\">What?<\/span><\/h2>\t\t\t\t<\/div>\n\t\t\t\t<\/div>\n\t\t\t\t<div class=\"elementor-element elementor-element-dfe4074 elementor-widget elementor-widget-text-editor\" data-id=\"dfe4074\" data-element_type=\"widget\" data-widget_type=\"text-editor.default\">\n\t\t\t\t<div class=\"elementor-widget-container\">\n\t\t\t\t\t\t\t\t\t<p data-start=\"275\" data-end=\"537\">All offerings are based on the integration of psychological expertise, neuroscientific insights, and\u2014where desired\u2014the inclusion of Christian spirituality. The focus is not on treating symptoms, but on understanding and transforming inner patterns that shape life in lasting ways.<\/p><p data-start=\"275\" data-end=\"537\">\u00a0<\/p>\t\t\t\t\t\t\t\t<\/div>\n\t\t\t\t<\/div>\n\t\t\t\t<div class=\"elementor-element elementor-element-21ad608 elementor-widget elementor-widget-heading\" data-id=\"21ad608\" data-element_type=\"widget\" data-widget_type=\"heading.default\">\n\t\t\t\t<div class=\"elementor-widget-container\">\n\t\t\t\t\t<h2 class=\"elementor-heading-title elementor-size-default\"><span class=\"elementor-heading-title elementor-size-default elementor-inline-editing pen\" data-elementor-setting-key=\"title\" data-pen-placeholder=\"Eingabe hier...\" style=\"border: 0px;font-size: 45px;vertical-align: baseline;clear: both;line-height: 1.3em\">How &amp; Where?<\/span><\/h2>\t\t\t\t<\/div>\n\t\t\t\t<\/div>\n\t\t\t\t<div class=\"elementor-element elementor-element-2a6df2a elementor-widget elementor-widget-text-editor\" data-id=\"2a6df2a\" data-element_type=\"widget\" data-widget_type=\"text-editor.default\">\n\t\t\t\t<div class=\"elementor-widget-container\">\n\t\t\t\t\t\t\t\t\t<p data-start=\"275\" data-end=\"537\">I work primarily <span data-start=\"891\" data-end=\"901\">online:<\/span>in individual and group settings, as well as in structured formats for teams, organizations, and faith communities. My approach is clearly structured while remaining individually adaptable\u2014guided by life stage, capacity, and goals.<\/p><p data-start=\"275\" data-end=\"537\">My services are billed privately. You will receive an invoice to be settled directly by you.<\/p><p data-start=\"275\" data-end=\"537\">\u00a0<\/p><p data-start=\"275\" data-end=\"537\">The process begins with an initial consultation, during which we explore your needs and determine whether working together is the right fit. Based on this, we jointly decide on the duration, scope, and format of the support.<\/p><p data-start=\"275\" data-end=\"537\">\u00a0<\/p><p data-start=\"275\" data-end=\"537\">On the following pages, you will find my services in detail.<\/p>\t\t\t\t\t\t\t\t<\/div>\n\t\t\t\t<\/div>\n\t\t\t\t\t<\/div>\n\t\t\t\t<\/div>\n\t\t<div class=\"elementor-element elementor-element-e1d005c e-flex e-con-boxed e-con e-parent\" data-id=\"e1d005c\" data-element_type=\"container\" data-settings=\"{&quot;background_background&quot;:&quot;classic&quot;}\">\n\t\t\t\t\t<div class=\"e-con-inner\">\n\t\t<div class=\"elementor-element elementor-element-ed22536 e-flex e-con-boxed e-con e-child\" data-id=\"ed22536\" data-element_type=\"container\">\n\t\t\t\t\t<div class=\"e-con-inner\">\n\t\t<div class=\"elementor-element elementor-element-90b8a65 e-flex e-con-boxed e-con e-child\" data-id=\"90b8a65\" data-element_type=\"container\">\n\t\t\t\t\t<div class=\"e-con-inner\">\n\t\t<div class=\"elementor-element elementor-element-ddf3574 e-con-full e-flex e-con e-child\" data-id=\"ddf3574\" data-element_type=\"container\">\n\t\t\t\t<div class=\"elementor-element elementor-element-fa99998 elementor-widget elementor-widget-heading\" data-id=\"fa99998\" data-element_type=\"widget\" data-widget_type=\"heading.default\">\n\t\t\t\t<div class=\"elementor-widget-container\">\n\t\t\t\t\t<h2 class=\"elementor-heading-title elementor-size-default\">Psychological Support and Counseling<\/h2>\t\t\t\t<\/div>\n\t\t\t\t<\/div>\n\t\t\t\t<div class=\"elementor-element elementor-element-562c806 animated-slow e-transform elementor-widget elementor-widget-image\" data-id=\"562c806\" data-element_type=\"widget\" data-settings=\"{&quot;_animation&quot;:&quot;none&quot;,&quot;_animation_delay&quot;:5,&quot;_transform_rotateZ_effect&quot;:{&quot;unit&quot;:&quot;px&quot;,&quot;size&quot;:0,&quot;sizes&quot;:[]},&quot;_transform_rotateZ_effect_tablet&quot;:{&quot;unit&quot;:&quot;deg&quot;,&quot;size&quot;:&quot;&quot;,&quot;sizes&quot;:[]},&quot;_transform_rotateZ_effect_mobile&quot;:{&quot;unit&quot;:&quot;deg&quot;,&quot;size&quot;:&quot;&quot;,&quot;sizes&quot;:[]}}\" data-widget_type=\"image.default\">\n\t\t\t\t<div class=\"elementor-widget-container\">\n\t\t\t\t\t\t\t\t\t\t\t\t\t\t\t<img fetchpriority=\"high\" decoding=\"async\" width=\"1280\" height=\"853\" src=\"https:\/\/schahrasad-abiad.com\/wp-content\/uploads\/2025\/12\/clock-2133825_1280.jpg\" class=\"attachment-full size-full wp-image-2444\" alt=\"\" srcset=\"https:\/\/schahrasad-abiad.com\/wp-content\/uploads\/2025\/12\/clock-2133825_1280.jpg 1280w, https:\/\/schahrasad-abiad.com\/wp-content\/uploads\/2025\/12\/clock-2133825_1280-300x200.jpg 300w, https:\/\/schahrasad-abiad.com\/wp-content\/uploads\/2025\/12\/clock-2133825_1280-1024x682.jpg 1024w, https:\/\/schahrasad-abiad.com\/wp-content\/uploads\/2025\/12\/clock-2133825_1280-768x512.jpg 768w\" sizes=\"(max-width: 1280px) 100vw, 1280px\" \/>\t\t\t\t\t\t\t\t\t\t\t\t\t\t\t<\/div>\n\t\t\t\t<\/div>\n\t\t\t\t<div class=\"elementor-element elementor-element-9dce3e6 elementor-widget elementor-widget-text-editor\" data-id=\"9dce3e6\" data-element_type=\"widget\" data-widget_type=\"text-editor.default\">\n\t\t\t\t<div class=\"elementor-widget-container\">\n\t\t\t\t\t\t\t\t\t<p style=\"text-align: center;\">Individual support for people experiencing inner conflicts, emotional stress, or transitional phases.<br data-start=\"737\" data-end=\"740\" \/>Psychologically sound, trauma-sensitive, and spiritually integrated.<\/p>\t\t\t\t\t\t\t\t<\/div>\n\t\t\t\t<\/div>\n\t\t\t\t<div class=\"elementor-element elementor-element-1e74072 elementor-align-center elementor-widget elementor-widget-button\" data-id=\"1e74072\" data-element_type=\"widget\" data-widget_type=\"button.default\">\n\t\t\t\t<div class=\"elementor-widget-container\">\n\t\t\t\t\t\t\t\t\t<div class=\"elementor-button-wrapper\">\n\t\t\t\t\t<a class=\"elementor-button elementor-button-link elementor-size-sm\" href=\"https:\/\/schahrasad-abiad.com\/en\/psychologische-ganzheitliche-begleitung\/\">\n\t\t\t\t\t\t<span class=\"elementor-button-content-wrapper\">\n\t\t\t\t\t\t\t\t\t<span class=\"elementor-button-text\">Learn more <\/span>\n\t\t\t\t\t<\/span>\n\t\t\t\t\t<\/a>\n\t\t\t\t<\/div>\n\t\t\t\t\t\t\t\t<\/div>\n\t\t\t\t<\/div>\n\t\t\t\t<\/div>\n\t\t<div class=\"elementor-element elementor-element-6c8199e e-con-full e-flex e-con e-child\" data-id=\"6c8199e\" data-element_type=\"container\">\n\t\t\t\t<div class=\"elementor-element elementor-element-da97b6e elementor-widget elementor-widget-heading\" data-id=\"da97b6e\" data-element_type=\"widget\" data-widget_type=\"heading.default\">\n\t\t\t\t<div class=\"elementor-widget-container\">\n\t\t\t\t\t<h2 class=\"elementor-heading-title elementor-size-default\">Faith-based Trauma Recovery <\/h2>\t\t\t\t<\/div>\n\t\t\t\t<\/div>\n\t\t\t\t<div class=\"elementor-element elementor-element-045d501 elementor-widget elementor-widget-image\" data-id=\"045d501\" data-element_type=\"widget\" data-widget_type=\"image.default\">\n\t\t\t\t<div class=\"elementor-widget-container\">\n\t\t\t\t\t\t\t\t\t\t\t\t\t\t\t<img decoding=\"async\" width=\"926\" height=\"853\" src=\"https:\/\/schahrasad-abiad.com\/wp-content\/uploads\/2025\/12\/lighthouse-6785763_1280-e1766051004270.jpg\" class=\"attachment-full size-full wp-image-2482\" alt=\"\" srcset=\"https:\/\/schahrasad-abiad.com\/wp-content\/uploads\/2025\/12\/lighthouse-6785763_1280-e1766051004270.jpg 926w, https:\/\/schahrasad-abiad.com\/wp-content\/uploads\/2025\/12\/lighthouse-6785763_1280-e1766051004270-300x276.jpg 300w, https:\/\/schahrasad-abiad.com\/wp-content\/uploads\/2025\/12\/lighthouse-6785763_1280-e1766051004270-768x707.jpg 768w\" sizes=\"(max-width: 926px) 100vw, 926px\" \/>\t\t\t\t\t\t\t\t\t\t\t\t\t\t\t<\/div>\n\t\t\t\t<\/div>\n\t\t\t\t<div class=\"elementor-element elementor-element-b7a7d82 elementor-widget elementor-widget-text-editor\" data-id=\"b7a7d82\" data-element_type=\"widget\" data-widget_type=\"text-editor.default\">\n\t\t\t\t<div class=\"elementor-widget-container\">\n\t\t\t\t\t\t\t\t\t<p style=\"text-align: center;\">Specialized support for people who want to heal trauma, attachment wounds, or spiritual wounds in the context of faith and identity. (Individual &amp; Group format)<br data-start=\"1061\" data-end=\"1064\" \/>For anyone who cannot imagine healing without their faith.<\/p>\t\t\t\t\t\t\t\t<\/div>\n\t\t\t\t<\/div>\n\t\t\t\t<div class=\"elementor-element elementor-element-bd3c537 elementor-align-left elementor-widget elementor-widget-button\" data-id=\"bd3c537\" data-element_type=\"widget\" data-widget_type=\"button.default\">\n\t\t\t\t<div class=\"elementor-widget-container\">\n\t\t\t\t\t\t\t\t\t<div class=\"elementor-button-wrapper\">\n\t\t\t\t\t<a class=\"elementor-button elementor-button-link elementor-size-sm\" href=\"https:\/\/schahrasad-abiad.com\/en\/trauma-recovery\/?preview_id=2806&#038;preview_nonce=9a85d23401&#038;preview=true\">\n\t\t\t\t\t\t<span class=\"elementor-button-content-wrapper\">\n\t\t\t\t\t\t\t\t\t<span class=\"elementor-button-text\">Learn more <\/span>\n\t\t\t\t\t<\/span>\n\t\t\t\t\t<\/a>\n\t\t\t\t<\/div>\n\t\t\t\t\t\t\t\t<\/div>\n\t\t\t\t<\/div>\n\t\t\t\t<\/div>\n\t\t\t\t\t<\/div>\n\t\t\t\t<\/div>\n\t\t\t\t\t<\/div>\n\t\t\t\t<\/div>\n\t\t\t\t\t<\/div>\n\t\t\t\t<\/div>\n\t\t<div class=\"elementor-element elementor-element-bb24d8b e-flex e-con-boxed e-con e-parent\" data-id=\"bb24d8b\" data-element_type=\"container\" data-settings=\"{&quot;background_background&quot;:&quot;classic&quot;}\">\n\t\t\t\t\t<div class=\"e-con-inner\">\n\t\t<div class=\"elementor-element elementor-element-be6a368 e-flex e-con-boxed e-con e-child\" data-id=\"be6a368\" data-element_type=\"container\">\n\t\t\t\t\t<div class=\"e-con-inner\">\n\t\t<div class=\"elementor-element elementor-element-322f572 e-flex e-con-boxed e-con e-child\" data-id=\"322f572\" data-element_type=\"container\">\n\t\t\t\t\t<div class=\"e-con-inner\">\n\t\t<div class=\"elementor-element elementor-element-7a72d7f e-con-full e-flex e-con e-child\" data-id=\"7a72d7f\" data-element_type=\"container\">\n\t\t\t\t<div class=\"elementor-element elementor-element-79497a3 elementor-widget elementor-widget-heading\" data-id=\"79497a3\" data-element_type=\"widget\" data-widget_type=\"heading.default\">\n\t\t\t\t<div class=\"elementor-widget-container\">\n\t\t\t\t\t<h2 class=\"elementor-heading-title elementor-size-default\">Coaching &amp; Personality Development <\/h2>\t\t\t\t<\/div>\n\t\t\t\t<\/div>\n\t\t\t\t<div class=\"elementor-element elementor-element-02e197f elementor-widget elementor-widget-image\" data-id=\"02e197f\" data-element_type=\"widget\" data-widget_type=\"image.default\">\n\t\t\t\t<div class=\"elementor-widget-container\">\n\t\t\t\t\t\t\t\t\t\t\t\t\t\t\t<img decoding=\"async\" width=\"1280\" height=\"853\" src=\"https:\/\/schahrasad-abiad.com\/wp-content\/uploads\/2025\/12\/business-man-6583629_1280.jpg\" class=\"attachment-full size-full wp-image-3269\" alt=\"\" srcset=\"https:\/\/schahrasad-abiad.com\/wp-content\/uploads\/2025\/12\/business-man-6583629_1280.jpg 1280w, https:\/\/schahrasad-abiad.com\/wp-content\/uploads\/2025\/12\/business-man-6583629_1280-300x200.jpg 300w, https:\/\/schahrasad-abiad.com\/wp-content\/uploads\/2025\/12\/business-man-6583629_1280-1024x682.jpg 1024w, https:\/\/schahrasad-abiad.com\/wp-content\/uploads\/2025\/12\/business-man-6583629_1280-768x512.jpg 768w\" sizes=\"(max-width: 1280px) 100vw, 1280px\" \/>\t\t\t\t\t\t\t\t\t\t\t\t\t\t\t<\/div>\n\t\t\t\t<\/div>\n\t\t\t\t<div class=\"elementor-element elementor-element-6965e6d elementor-widget elementor-widget-text-editor\" data-id=\"6965e6d\" data-element_type=\"widget\" data-widget_type=\"text-editor.default\">\n\t\t\t\t<div class=\"elementor-widget-container\">\n\t\t\t\t\t\t\t\t\t<p style=\"text-align: center;\">Coaching for people who want to realign themselves personally or professionally, build inner stability, and live from their identity.<\/p>\t\t\t\t\t\t\t\t<\/div>\n\t\t\t\t<\/div>\n\t\t\t\t<div class=\"elementor-element elementor-element-f74ab89 elementor-align-left elementor-widget elementor-widget-button\" data-id=\"f74ab89\" data-element_type=\"widget\" data-widget_type=\"button.default\">\n\t\t\t\t<div class=\"elementor-widget-container\">\n\t\t\t\t\t\t\t\t\t<div class=\"elementor-button-wrapper\">\n\t\t\t\t\t<a class=\"elementor-button elementor-button-link elementor-size-sm\" href=\"https:\/\/schahrasad-abiad.com\/en\/leadership-coaching\/\">\n\t\t\t\t\t\t<span class=\"elementor-button-content-wrapper\">\n\t\t\t\t\t\t\t\t\t<span class=\"elementor-button-text\">Learn more <\/span>\n\t\t\t\t\t<\/span>\n\t\t\t\t\t<\/a>\n\t\t\t\t<\/div>\n\t\t\t\t\t\t\t\t<\/div>\n\t\t\t\t<\/div>\n\t\t\t\t<\/div>\n\t\t<div class=\"elementor-element elementor-element-1aacc99 e-con-full e-flex e-con e-child\" data-id=\"1aacc99\" data-element_type=\"container\">\n\t\t\t\t<div class=\"elementor-element elementor-element-b706c95 elementor-widget elementor-widget-heading\" data-id=\"b706c95\" data-element_type=\"widget\" data-widget_type=\"heading.default\">\n\t\t\t\t<div class=\"elementor-widget-container\">\n\t\t\t\t\t<h2 class=\"elementor-heading-title elementor-size-default\">Workshops, seminars, and team formats<\/h2>\t\t\t\t<\/div>\n\t\t\t\t<\/div>\n\t\t\t\t<div class=\"elementor-element elementor-element-7577353 elementor-widget elementor-widget-image\" data-id=\"7577353\" data-element_type=\"widget\" data-widget_type=\"image.default\">\n\t\t\t\t<div class=\"elementor-widget-container\">\n\t\t\t\t\t\t\t\t\t\t\t\t\t\t\t<img loading=\"lazy\" decoding=\"async\" width=\"2560\" height=\"1708\" src=\"https:\/\/schahrasad-abiad.com\/wp-content\/uploads\/2025\/12\/pexels-photo-3183197-3183197-scaled.jpg\" class=\"attachment-full size-full wp-image-3061\" alt=\"Top view of a diverse team collaborating in an office setting with laptops and tablets, promoting cooperation.\" srcset=\"https:\/\/schahrasad-abiad.com\/wp-content\/uploads\/2025\/12\/pexels-photo-3183197-3183197-scaled.jpg 2560w, https:\/\/schahrasad-abiad.com\/wp-content\/uploads\/2025\/12\/pexels-photo-3183197-3183197-300x200.jpg 300w, https:\/\/schahrasad-abiad.com\/wp-content\/uploads\/2025\/12\/pexels-photo-3183197-3183197-1024x683.jpg 1024w, https:\/\/schahrasad-abiad.com\/wp-content\/uploads\/2025\/12\/pexels-photo-3183197-3183197-768x513.jpg 768w, https:\/\/schahrasad-abiad.com\/wp-content\/uploads\/2025\/12\/pexels-photo-3183197-3183197-1536x1025.jpg 1536w, https:\/\/schahrasad-abiad.com\/wp-content\/uploads\/2025\/12\/pexels-photo-3183197-3183197-2048x1367.jpg 2048w\" sizes=\"(max-width: 2560px) 100vw, 2560px\" \/>\t\t\t\t\t\t\t\t\t\t\t\t\t\t\t<\/div>\n\t\t\t\t<\/div>\n\t\t\t\t<div class=\"elementor-element elementor-element-8019242 elementor-widget elementor-widget-text-editor\" data-id=\"8019242\" data-element_type=\"widget\" data-widget_type=\"text-editor.default\">\n\t\t\t\t<div class=\"elementor-widget-container\">\n\t\t\t\t\t\t\t\t\t<p style=\"text-align: center;\">Workshops, seminars, and team formats for organizations, institutions, churches, and leadership teams.<br data-start=\"1606\" data-end=\"1609\" \/>Trauma-sensitive, value-based, and growth-oriented.<\/p>\t\t\t\t\t\t\t\t<\/div>\n\t\t\t\t<\/div>\n\t\t\t\t<div class=\"elementor-element elementor-element-a194b85 elementor-align-left elementor-widget elementor-widget-button\" data-id=\"a194b85\" data-element_type=\"widget\" data-widget_type=\"button.default\">\n\t\t\t\t<div class=\"elementor-widget-container\">\n\t\t\t\t\t\t\t\t\t<div class=\"elementor-button-wrapper\">\n\t\t\t\t\t<a class=\"elementor-button elementor-button-link elementor-size-sm\" href=\"https:\/\/schahrasad-abiad.com\/en\/workshops-seminare-teamformate\/\">\n\t\t\t\t\t\t<span class=\"elementor-button-content-wrapper\">\n\t\t\t\t\t\t\t\t\t<span class=\"elementor-button-text\">Learn more <\/span>\n\t\t\t\t\t<\/span>\n\t\t\t\t\t<\/a>\n\t\t\t\t<\/div>\n\t\t\t\t\t\t\t\t<\/div>\n\t\t\t\t<\/div>\n\t\t\t\t<\/div>\n\t\t\t\t\t<\/div>\n\t\t\t\t<\/div>\n\t\t\t\t\t<\/div>\n\t\t\t\t<\/div>\n\t\t\t\t\t<\/div>\n\t\t\t\t<\/div>\n\t\t<div class=\"elementor-element elementor-element-871681d e-flex e-con-boxed e-con e-parent\" data-id=\"871681d\" data-element_type=\"container\" data-settings=\"{&quot;background_background&quot;:&quot;classic&quot;}\">\n\t\t\t\t\t<div class=\"e-con-inner\">\n\t\t\t\t<div class=\"elementor-element elementor-element-73070ef elementor-widget__width-initial elementor-widget-mobile__width-initial elementor-widget elementor-widget-text-editor\" data-id=\"73070ef\" data-element_type=\"widget\" data-widget_type=\"text-editor.default\">\n\t\t\t\t<div class=\"elementor-widget-container\">\n\t\t\t\t\t\t\t\t\t<p style=\"text-align: center;\" data-start=\"275\" data-end=\"537\">Do you have a question or concern that you don\u2019t see addressed here?<br data-start=\"384\" data-end=\"387\" \/>Feel free to reach out\u2014we can explore together whether and how I can support you.<\/p>\t\t\t\t\t\t\t\t<\/div>\n\t\t\t\t<\/div>\n\t\t\t\t<div class=\"elementor-element elementor-element-2b02e51 elementor-widget elementor-widget-button\" data-id=\"2b02e51\" data-element_type=\"widget\" data-widget_type=\"button.default\">\n\t\t\t\t<div class=\"elementor-widget-container\">\n\t\t\t\t\t\t\t\t\t<div class=\"elementor-button-wrapper\">\n\t\t\t\t\t<a class=\"elementor-button elementor-button-link elementor-size-sm\" href=\"https:\/\/schahrasad-abiad.com\/en\/contact\/\">\n\t\t\t\t\t\t<span class=\"elementor-button-content-wrapper\">\n\t\t\t\t\t\t<span class=\"elementor-button-icon\">\n\t\t\t\t<i aria-hidden=\"true\" class=\"fas fa-arrow-right\"><\/i>\t\t\t<\/span>\n\t\t\t\t\t\t\t\t\t<span class=\"elementor-button-text\">Get in Touch <\/span>\n\t\t\t\t\t<\/span>\n\t\t\t\t\t<\/a>\n\t\t\t\t<\/div>\n\t\t\t\t\t\t\t\t<\/div>\n\t\t\t\t<\/div>\n\t\t\t\t\t<\/div>\n\t\t\t\t<\/div>\n\t\t\t\t<\/div>","protected":false},"excerpt":{"rendered":"<p>Meine Angebote F\u00fcr wen? Meine Arbeit richtet sich an Menschen und Organisationen, die mehr suchen als kurzfristige L\u00f6sungen. Ich begleite Prozesse, in denen innere Stabilit\u00e4t, Heilung und bewusste Ver\u00e4nderung im Mittelpunkt stehen \u2013 fachlich fundiert, traumasensibel und ganzheitlich. Was? Alle Angebote basieren auf der Verbindung von psychologischer Expertise, neurowissenschaftlichen Erkenntnissen und \u2013 wo gew\u00fcnscht \u2013 [&hellip;]<\/p>","protected":false},"author":1,"featured_media":0,"parent":0,"menu_order":0,"comment_status":"closed","ping_status":"closed","template":"","meta":{"site-sidebar-layout":"no-sidebar","site-content-layout":"page-builder","ast-site-content-layout":"full-width-container","site-content-style":"unboxed","site-sidebar-style":"unboxed","ast-global-header-display":"","ast-banner-title-visibility":"","ast-main-header-display":"","ast-hfb-above-header-display":"","ast-hfb-below-header-display":"","ast-hfb-mobile-header-display":"","site-post-title":"","ast-breadcrumbs-content":"","ast-featured-img":"disabled","footer-sml-layout":"","ast-disable-related-posts":"","theme-transparent-header-meta":"enabled","adv-header-id-meta":"","stick-header-meta":"","header-above-stick-meta":"","header-main-stick-meta":"","header-below-stick-meta":"","astra-migrate-meta-layouts":"set","ast-page-background-enabled":"default","ast-page-background-meta":{"desktop":{"background-color":"var(--ast-global-color-4)","background-image":"","background-repeat":"repeat","background-position":"center center","background-size":"auto","background-attachment":"scroll","background-type":"","background-media":"","overlay-type":"","overlay-color":"","overlay-opacity":"","overlay-gradient":""},"tablet":{"background-color":"","background-image":"","background-repeat":"repeat","background-position":"center center","background-size":"auto","background-attachment":"scroll","background-type":"","background-media":"","overlay-type":"","overlay-color":"","overlay-opacity":"","overlay-gradient":""},"mobile":{"background-color":"","background-image":"","background-repeat":"repeat","background-position":"center center","background-size":"auto","background-attachment":"scroll","background-type":"","background-media":"","overlay-type":"","overlay-color":"","overlay-opacity":"","overlay-gradient":""}},"ast-content-background-meta":{"desktop":{"background-color":"var(--ast-global-color-5)","background-image":"","background-repeat":"repeat","background-position":"center center","background-size":"auto","background-attachment":"scroll","background-type":"","background-media":"","overlay-type":"","overlay-color":"","overlay-opacity":"","overlay-gradient":""},"tablet":{"background-color":"var(--ast-global-color-5)","background-image":"","background-repeat":"repeat","background-position":"center center","background-size":"auto","background-attachment":"scroll","background-type":"","background-media":"","overlay-type":"","overlay-color":"","overlay-opacity":"","overlay-gradient":""},"mobile":{"background-color":"var(--ast-global-color-5)","background-image":"","background-repeat":"repeat","background-position":"center center","background-size":"auto","background-attachment":"scroll","background-type":"","background-media":"","overlay-type":"","overlay-color":"","overlay-opacity":"","overlay-gradient":""}},"footnotes":""},"class_list":["post-15","page","type-page","status-publish","hentry"],"_links":{"self":[{"href":"https:\/\/schahrasad-abiad.com\/en\/wp-json\/wp\/v2\/pages\/15","targetHints":{"allow":["GET"]}}],"collection":[{"href":"https:\/\/schahrasad-abiad.com\/en\/wp-json\/wp\/v2\/pages"}],"about":[{"href":"https:\/\/schahrasad-abiad.com\/en\/wp-json\/wp\/v2\/types\/page"}],"author":[{"embeddable":true,"href":"https:\/\/schahrasad-abiad.com\/en\/wp-json\/wp\/v2\/users\/1"}],"replies":[{"embeddable":true,"href":"https:\/\/schahrasad-abiad.com\/en\/wp-json\/wp\/v2\/comments?post=15"}],"version-history":[{"count":82,"href":"https:\/\/schahrasad-abiad.com\/en\/wp-json\/wp\/v2\/pages\/15\/revisions"}],"predecessor-version":[{"id":3798,"href":"https:\/\/schahrasad-abiad.com\/en\/wp-json\/wp\/v2\/pages\/15\/revisions\/3798"}],"wp:attachment":[{"href":"https:\/\/schahrasad-abiad.com\/en\/wp-json\/wp\/v2\/media?parent=15"}],"curies":[{"name":"wp","href":"https:\/\/api.w.org\/{rel}","templated":true}]}}