{"id":2823,"date":"2025-12-09T15:18:04","date_gmt":"2025-12-09T15:18:04","guid":{"rendered":"https:\/\/schahrasad-abiad.com\/?page_id=2823"},"modified":"2025-12-30T15:21:44","modified_gmt":"2025-12-30T15:21:44","slug":"workshops-seminare-teamformate","status":"publish","type":"page","link":"https:\/\/schahrasad-abiad.com\/en\/workshops-seminare-teamformate\/","title":{"rendered":"Workshops, seminars, and team formats"},"content":{"rendered":"<div data-elementor-type=\"wp-page\" data-elementor-id=\"2823\" class=\"elementor elementor-2823\">\n\t\t\t\t<div class=\"elementor-element elementor-element-8236df9 e-flex e-con-boxed e-con e-parent\" data-id=\"8236df9\" data-element_type=\"container\" data-settings=\"{&quot;background_background&quot;:&quot;classic&quot;}\">\n\t\t\t\t\t<div class=\"e-con-inner\">\n\t\t<div class=\"elementor-element elementor-element-1c8474a e-flex e-con-boxed e-con e-child\" data-id=\"1c8474a\" data-element_type=\"container\">\n\t\t\t\t\t<div class=\"e-con-inner\">\n\t\t\t\t<div class=\"elementor-element elementor-element-4a172fc elementor-widget elementor-widget-heading\" data-id=\"4a172fc\" data-element_type=\"widget\" data-widget_type=\"heading.default\">\n\t\t\t\t<div class=\"elementor-widget-container\">\n\t\t\t\t\t<h1 class=\"elementor-heading-title elementor-size-default\">Workshops \u00b7 Seminars \u00b7 Team Programs<\/h1>\t\t\t\t<\/div>\n\t\t\t\t<\/div>\n\t\t\t\t\t<\/div>\n\t\t\t\t<\/div>\n\t\t\t\t\t<\/div>\n\t\t\t\t<\/div>\n\t\t<div class=\"elementor-element elementor-element-0dff935 e-flex e-con-boxed e-con e-parent\" data-id=\"0dff935\" data-element_type=\"container\" data-settings=\"{&quot;background_background&quot;:&quot;classic&quot;}\">\n\t\t\t\t\t<div class=\"e-con-inner\">\n\t\t<div class=\"elementor-element elementor-element-cc13950 e-con-full e-flex e-con e-child\" data-id=\"cc13950\" data-element_type=\"container\">\n\t\t\t\t<div class=\"elementor-element elementor-element-2aff67a elementor-widget-mobile__width-initial elementor-widget__width-initial elementor-widget elementor-widget-heading\" data-id=\"2aff67a\" data-element_type=\"widget\" data-widget_type=\"heading.default\">\n\t\t\t\t<div class=\"elementor-widget-container\">\n\t\t\t\t\t<h2 class=\"elementor-heading-title elementor-size-default\">Spaces that Foster Healing, Clarity, and Resilient Culture \u2014 from the Inside Out<\/h2>\t\t\t\t<\/div>\n\t\t\t\t<\/div>\n\t\t\t\t<div class=\"elementor-element elementor-element-69c5903 elementor-widget elementor-widget-text-editor\" data-id=\"69c5903\" data-element_type=\"widget\" data-widget_type=\"text-editor.default\">\n\t\t\t\t<div class=\"elementor-widget-container\">\n\t\t\t\t\t\t\t\t\t<p data-start=\"520\" data-end=\"763\">In today\u2019s world, organizations, teams, and communities are confronted with complex challenges:<br data-start=\"601\" data-end=\"604\" \/>Exhaustion, inner fragmentation, and unresolved conflict subtly yet deeply impact leadership presence, team dynamics, and organizational culture.<\/p><p data-start=\"765\" data-end=\"984\">My workshops and seminars create safe, well-grounded, and reflective spaces where individuals can pause, gain insight, and realign.<br data-start=\"921\" data-end=\"924\" \/>Not superficial. Not overwhelming. But sustainable.<\/p>\t\t\t\t\t\t\t\t<\/div>\n\t\t\t\t<\/div>\n\t\t\t\t<\/div>\n\t\t\t\t\t<\/div>\n\t\t\t\t<\/div>\n\t\t<div class=\"elementor-element elementor-element-348fa29 e-flex e-con-boxed e-con e-parent\" data-id=\"348fa29\" data-element_type=\"container\" data-settings=\"{&quot;background_background&quot;:&quot;classic&quot;}\">\n\t\t\t\t\t<div class=\"e-con-inner\">\n\t\t<div class=\"elementor-element elementor-element-6b51804 e-con-full e-flex e-con e-child\" data-id=\"6b51804\" data-element_type=\"container\">\n\t\t\t\t<div class=\"elementor-element elementor-element-6dc9f09 elementor-widget-mobile__width-initial elementor-widget elementor-widget-heading\" data-id=\"6dc9f09\" data-element_type=\"widget\" data-widget_type=\"heading.default\">\n\t\t\t\t<div class=\"elementor-widget-container\">\n\t\t\t\t\t<h2 class=\"elementor-heading-title elementor-size-default\">At the Core<\/h2>\t\t\t\t<\/div>\n\t\t\t\t<\/div>\n\t\t\t\t<div class=\"elementor-element elementor-element-1d2bb5c elementor-widget elementor-widget-text-editor\" data-id=\"1d2bb5c\" data-element_type=\"widget\" data-widget_type=\"text-editor.default\">\n\t\t\t\t<div class=\"elementor-widget-container\">\n\t\t\t\t\t\t\t\t\t<blockquote><p data-start=\"887\" data-end=\"934\"><span style=\"font-size: 16px;\">Lasting transformation starts within<\/span><\/p><p data-start=\"887\" data-end=\"934\"><span style=\"font-size: 16px;\">\u2013 and unfolds in our interactions with others.<\/span><\/p><\/blockquote><p data-start=\"887\" data-end=\"934\">\u00a0<\/p><p data-start=\"1127\" data-end=\"1306\">Unprocessed wounds, chronic stress, or inner conflict always affect the systems around us:<br data-start=\"1239\" data-end=\"1242\" \/>in teams, leadership structures, organizations, and communities.<\/p><p data-start=\"1127\" data-end=\"1306\">\u00a0<\/p><p data-start=\"1308\" data-end=\"1380\">Where inner order, self-awareness, and integration grow, they give rise to:<\/p><ul data-start=\"1381\" data-end=\"1483\"><li data-start=\"1381\" data-end=\"1406\"><p data-start=\"1383\" data-end=\"1406\">Healthier relationships<\/p><\/li><li data-start=\"1407\" data-end=\"1426\"><p data-start=\"1409\" data-end=\"1426\">Clearer leadership<\/p><\/li><li data-start=\"1427\" data-end=\"1463\"><p data-start=\"1429\" data-end=\"1463\">Greater responsibility and trust<\/p><\/li><li data-start=\"1464\" data-end=\"1483\"><p data-start=\"1466\" data-end=\"1483\">A resilient, sustainable culture<\/p><\/li><\/ul>\t\t\t\t\t\t\t\t<\/div>\n\t\t\t\t<\/div>\n\t\t\t\t<\/div>\n\t\t\t\t\t<\/div>\n\t\t\t\t<\/div>\n\t\t<div class=\"elementor-element elementor-element-e11ff00 e-flex e-con-boxed e-con e-parent\" data-id=\"e11ff00\" data-element_type=\"container\" data-settings=\"{&quot;background_background&quot;:&quot;classic&quot;}\">\n\t\t\t\t\t<div class=\"e-con-inner\">\n\t\t<div class=\"elementor-element elementor-element-1620db6 e-con-full e-flex e-con e-child\" data-id=\"1620db6\" data-element_type=\"container\">\n\t\t\t\t<div class=\"elementor-element elementor-element-478eb3c elementor-widget-mobile__width-initial elementor-widget elementor-widget-heading\" data-id=\"478eb3c\" data-element_type=\"widget\" data-widget_type=\"heading.default\">\n\t\t\t\t<div class=\"elementor-widget-container\">\n\t\t\t\t\t<h2 class=\"elementor-heading-title elementor-size-default\">Signature Formats<\/h2>\t\t\t\t<\/div>\n\t\t\t\t<\/div>\n\t\t\t\t<div class=\"elementor-element elementor-element-16daa27 elementor-widget elementor-widget-text-editor\" data-id=\"16daa27\" data-element_type=\"widget\" data-widget_type=\"text-editor.default\">\n\t\t\t\t<div class=\"elementor-widget-container\">\n\t\t\t\t\t\t\t\t\t<p data-start=\"1227\" data-end=\"1311\"><strong data-start=\"1227\" data-end=\"1252\">From Wounds to Wonders<\/strong><br data-start=\"1252\" data-end=\"1255\" \/>Understanding trauma. Enabling healing. Transforming culture.<\/p><p data-start=\"1227\" data-end=\"1311\">\u00a0<\/p><p data-start=\"1313\" data-end=\"1371\"><strong data-start=\"1313\" data-end=\"1337\">Inner Self-Leadership<\/strong><br data-start=\"1337\" data-end=\"1340\" \/>The foundation of healthy leadership.<\/p><p data-start=\"1313\" data-end=\"1371\">\u00a0<\/p><p data-start=\"1373\" data-end=\"1452\"><strong data-start=\"1373\" data-end=\"1402\">Psychological Safety<\/strong><br data-start=\"1402\" data-end=\"1405\" \/>Building trust, relationships, and accountability within teams.<\/p><p data-start=\"1373\" data-end=\"1452\">\u00a0<\/p><p data-start=\"1454\" data-end=\"1538\"><strong data-start=\"1454\" data-end=\"1479\">Understanding Exhaustion<\/strong><br data-start=\"1479\" data-end=\"1482\" \/>Burnout prevention from a neuropsychological perspective.<\/p><p data-start=\"1454\" data-end=\"1538\">\u00a0<\/p><p><strong data-start=\"1540\" data-end=\"1568\">Faith, Mind &amp; Healing<\/strong><br data-start=\"1568\" data-end=\"1571\" \/>Trauma-sensitive guidance \u2014 staying spiritually grounded.<\/p>\t\t\t\t\t\t\t\t<\/div>\n\t\t\t\t<\/div>\n\t\t\t\t<\/div>\n\t\t\t\t\t<\/div>\n\t\t\t\t<\/div>\n\t\t<div class=\"elementor-element elementor-element-cabc6d0 e-flex e-con-boxed e-con e-parent\" data-id=\"cabc6d0\" data-element_type=\"container\" data-settings=\"{&quot;background_background&quot;:&quot;classic&quot;}\">\n\t\t\t\t\t<div class=\"e-con-inner\">\n\t\t<div class=\"elementor-element elementor-element-aa61801 e-con-full e-flex e-con e-child\" data-id=\"aa61801\" data-element_type=\"container\">\n\t\t\t\t<div class=\"elementor-element elementor-element-d50c8a9 elementor-widget-mobile__width-initial elementor-widget elementor-widget-heading\" data-id=\"d50c8a9\" data-element_type=\"widget\" data-widget_type=\"heading.default\">\n\t\t\t\t<div class=\"elementor-widget-container\">\n\t\t\t\t\t<h2 class=\"elementor-heading-title elementor-size-default\">Additional Topics (can also be combined)<\/h2>\t\t\t\t<\/div>\n\t\t\t\t<\/div>\n\t\t\t\t<div class=\"elementor-element elementor-element-503be1b elementor-widget elementor-widget-text-editor\" data-id=\"503be1b\" data-element_type=\"widget\" data-widget_type=\"text-editor.default\">\n\t\t\t\t<div class=\"elementor-widget-container\">\n\t\t\t\t\t\t\t\t\t<ul><li data-start=\"2210\" data-end=\"2280\"><p data-start=\"2212\" data-end=\"2280\">Trauma, Stress &amp; the Nervous System \u2014 understand, regulate, integrate<\/p><\/li><li data-start=\"2281\" data-end=\"2337\"><p data-start=\"2283\" data-end=\"2337\">Healthy Relationship Culture<\/p><\/li><li data-start=\"2338\" data-end=\"2390\"><p data-start=\"2340\" data-end=\"2390\">Inner Self-Leadership &amp; Healthy Team Leadership<\/p><\/li><li data-start=\"2391\" data-end=\"2436\"><p data-start=\"2393\" data-end=\"2436\">Emotional Regulation &amp; Resilience<\/p><\/li><li data-start=\"2437\" data-end=\"2467\"><p data-start=\"2439\" data-end=\"2467\">Identity, Purpose &amp; Calling<\/p><\/li><li data-start=\"2468\" data-end=\"2516\"><p data-start=\"2470\" data-end=\"2516\">Understanding Conflict \u2014 Enabling Reconciliation<\/p><\/li><li data-start=\"2517\" data-end=\"2583\"><p data-start=\"2519\" data-end=\"2583\">Faith, Mind &amp; Healing (especially for Christian contexts)<\/p><\/li><\/ul>\t\t\t\t\t\t\t\t<\/div>\n\t\t\t\t<\/div>\n\t\t\t\t<\/div>\n\t\t\t\t\t<\/div>\n\t\t\t\t<\/div>\n\t\t<div class=\"elementor-element elementor-element-ee29d15 e-flex e-con-boxed e-con e-parent\" data-id=\"ee29d15\" data-element_type=\"container\" data-settings=\"{&quot;background_background&quot;:&quot;classic&quot;}\">\n\t\t\t\t\t<div class=\"e-con-inner\">\n\t\t<div class=\"elementor-element elementor-element-b952933 e-con-full e-flex e-con e-child\" data-id=\"b952933\" data-element_type=\"container\">\n\t\t\t\t<div class=\"elementor-element elementor-element-fb2f3bb elementor-widget-mobile__width-initial elementor-widget elementor-widget-heading\" data-id=\"fb2f3bb\" data-element_type=\"widget\" data-widget_type=\"heading.default\">\n\t\t\t\t<div class=\"elementor-widget-container\">\n\t\t\t\t\t<h2 class=\"elementor-heading-title elementor-size-default\">Who Is This For? <\/h2>\t\t\t\t<\/div>\n\t\t\t\t<\/div>\n\t\t\t\t<div class=\"elementor-element elementor-element-c790409 elementor-widget elementor-widget-text-editor\" data-id=\"c790409\" data-element_type=\"widget\" data-widget_type=\"text-editor.default\">\n\t\t\t\t<div class=\"elementor-widget-container\">\n\t\t\t\t\t\t\t\t\t<p data-start=\"1815\" data-end=\"1860\">My workshops and seminars are designed for:<\/p><ul data-start=\"1862\" data-end=\"2029\"><li data-start=\"1862\" data-end=\"1900\"><p data-start=\"1864\" data-end=\"1900\">Organizations &amp; institutions<\/p><\/li><li data-start=\"1901\" data-end=\"1931\"><p data-start=\"1903\" data-end=\"1931\">Teams &amp; leaders<\/p><\/li><li data-start=\"1932\" data-end=\"1978\"><p data-start=\"1934\" data-end=\"1978\">Churches, congregations &amp; Christian organizations<\/p><\/li><li data-start=\"1979\" data-end=\"2029\"><p data-start=\"1981\" data-end=\"2029\">Social, educational, and counseling contexts<\/p><\/li><\/ul><p data-start=\"2031\" data-end=\"2124\">The content is tailored individually \u2014 depending on the audience, context, and specific needs.<\/p>\t\t\t\t\t\t\t\t<\/div>\n\t\t\t\t<\/div>\n\t\t\t\t<\/div>\n\t\t\t\t\t<\/div>\n\t\t\t\t<\/div>\n\t\t<div class=\"elementor-element elementor-element-e1d6e7a e-flex e-con-boxed e-con e-parent\" data-id=\"e1d6e7a\" data-element_type=\"container\" data-settings=\"{&quot;background_background&quot;:&quot;classic&quot;}\">\n\t\t\t\t\t<div class=\"e-con-inner\">\n\t\t<div class=\"elementor-element elementor-element-6b87c31 e-con-full e-flex e-con e-child\" data-id=\"6b87c31\" data-element_type=\"container\">\n\t\t\t\t<div class=\"elementor-element elementor-element-db4b10f elementor-widget-mobile__width-initial elementor-widget elementor-widget-heading\" data-id=\"db4b10f\" data-element_type=\"widget\" data-widget_type=\"heading.default\">\n\t\t\t\t<div class=\"elementor-widget-container\">\n\t\t\t\t\t<h2 class=\"elementor-heading-title elementor-size-default\">Invitation to Collaborate<\/h2>\t\t\t\t<\/div>\n\t\t\t\t<\/div>\n\t\t\t\t<div class=\"elementor-element elementor-element-de8b2c6 elementor-widget elementor-widget-text-editor\" data-id=\"de8b2c6\" data-element_type=\"widget\" data-widget_type=\"text-editor.default\">\n\t\t\t\t<div class=\"elementor-widget-container\">\n\t\t\t\t\t\t\t\t\t<p data-start=\"428\" data-end=\"673\">I would be glad to collaborate with you to design a format tailored to your team, organization, or community.<\/p>\t\t\t\t\t\t\t\t<\/div>\n\t\t\t\t<\/div>\n\t\t\t\t<div class=\"elementor-element elementor-element-36bc57b elementor-widget elementor-widget-button\" data-id=\"36bc57b\" data-element_type=\"widget\" data-widget_type=\"button.default\">\n\t\t\t\t<div class=\"elementor-widget-container\">\n\t\t\t\t\t\t\t\t\t<div class=\"elementor-button-wrapper\">\n\t\t\t\t\t<a class=\"elementor-button elementor-button-link elementor-size-sm\" href=\"#\">\n\t\t\t\t\t\t<span class=\"elementor-button-content-wrapper\">\n\t\t\t\t\t\t<span class=\"elementor-button-icon\">\n\t\t\t\t<i aria-hidden=\"true\" class=\"fas fa-arrow-right\"><\/i>\t\t\t<\/span>\n\t\t\t\t\t\t\t\t\t<span class=\"elementor-button-text\">Start Your Inquiry<\/span>\n\t\t\t\t\t<\/span>\n\t\t\t\t\t<\/a>\n\t\t\t\t<\/div>\n\t\t\t\t\t\t\t\t<\/div>\n\t\t\t\t<\/div>\n\t\t\t\t<div class=\"elementor-element elementor-element-809749e elementor-widget elementor-widget-text-editor\" data-id=\"809749e\" data-element_type=\"widget\" data-widget_type=\"text-editor.default\">\n\t\t\t\t<div class=\"elementor-widget-container\">\n\t\t\t\t\t\t\t\t\t<p>Advanced Programs for Trauma &amp; Healing Processes<\/p>\t\t\t\t\t\t\t\t<\/div>\n\t\t\t\t<\/div>\n\t\t\t\t<div class=\"elementor-element elementor-element-fafce78 elementor-widget elementor-widget-button\" data-id=\"fafce78\" data-element_type=\"widget\" data-widget_type=\"button.default\">\n\t\t\t\t<div class=\"elementor-widget-container\">\n\t\t\t\t\t\t\t\t\t<div class=\"elementor-button-wrapper\">\n\t\t\t\t\t<a class=\"elementor-button elementor-button-link elementor-size-sm\" href=\"#\">\n\t\t\t\t\t\t<span class=\"elementor-button-content-wrapper\">\n\t\t\t\t\t\t<span class=\"elementor-button-icon\">\n\t\t\t\t<i aria-hidden=\"true\" class=\"fas fa-arrow-right\"><\/i>\t\t\t<\/span>\n\t\t\t\t\t\t\t\t\t<span class=\"elementor-button-text\">Trauma Recovery<\/span>\n\t\t\t\t\t<\/span>\n\t\t\t\t\t<\/a>\n\t\t\t\t<\/div>\n\t\t\t\t\t\t\t\t<\/div>\n\t\t\t\t<\/div>\n\t\t\t\t<\/div>\n\t\t\t\t\t<\/div>\n\t\t\t\t<\/div>\n\t\t<div class=\"elementor-element elementor-element-ea167b3 e-flex e-con-boxed e-con e-parent\" data-id=\"ea167b3\" data-element_type=\"container\" data-settings=\"{&quot;background_background&quot;:&quot;classic&quot;}\">\n\t\t\t\t\t<div class=\"e-con-inner\">\n\t\t\t\t\t<\/div>\n\t\t\t\t<\/div>\n\t\t\t\t<\/div>","protected":false},"excerpt":{"rendered":"<p>Workshops \u00b7 Seminare \u00b7 Teamformate R\u00e4ume f\u00fcr Heilung, Klarheit und tragf\u00e4hige Kultur &#8211; von innen nach au\u00dfen Organisationen, Teams und Gemeinden stehen heute vor komplexen Herausforderungen:Ersch\u00f6pfung, innere Fragmentierung, Konflikte, Sinnfragen und unverarbeitete Erfahrungen wirken oft leise \u2013 aber tief \u2013 auf Zusammenarbeit, F\u00fchrung und Kultur. Meine Workshops und Seminare schaffen sichere, fundierte und reflektierte R\u00e4ume, [&hellip;]<\/p>","protected":false},"author":1,"featured_media":0,"parent":0,"menu_order":0,"comment_status":"closed","ping_status":"closed","template":"","meta":{"site-sidebar-layout":"no-sidebar","site-content-layout":"page-builder","ast-site-content-layout":"full-width-container","site-content-style":"default","site-sidebar-style":"default","ast-global-header-display":"","ast-banner-title-visibility":"","ast-main-header-display":"","ast-hfb-above-header-display":"","ast-hfb-below-header-display":"","ast-hfb-mobile-header-display":"","site-post-title":"","ast-breadcrumbs-content":"","ast-featured-img":"disabled","footer-sml-layout":"","ast-disable-related-posts":"","theme-transparent-header-meta":"","adv-header-id-meta":"","stick-header-meta":"","header-above-stick-meta":"","header-main-stick-meta":"","header-below-stick-meta":"","astra-migrate-meta-layouts":"set","ast-page-background-enabled":"default","ast-page-background-meta":{"desktop":{"background-color":"var(--ast-global-color-4)","background-image":"","background-repeat":"repeat","background-position":"center center","background-size":"auto","background-attachment":"scroll","background-type":"","background-media":"","overlay-type":"","overlay-color":"","overlay-opacity":"","overlay-gradient":""},"tablet":{"background-color":"","background-image":"","background-repeat":"repeat","background-position":"center center","background-size":"auto","background-attachment":"scroll","background-type":"","background-media":"","overlay-type":"","overlay-color":"","overlay-opacity":"","overlay-gradient":""},"mobile":{"background-color":"","background-image":"","background-repeat":"repeat","background-position":"center center","background-size":"auto","background-attachment":"scroll","background-type":"","background-media":"","overlay-type":"","overlay-color":"","overlay-opacity":"","overlay-gradient":""}},"ast-content-background-meta":{"desktop":{"background-color":"var(--ast-global-color-5)","background-image":"","background-repeat":"repeat","background-position":"center center","background-size":"auto","background-attachment":"scroll","background-type":"","background-media":"","overlay-type":"","overlay-color":"","overlay-opacity":"","overlay-gradient":""},"tablet":{"background-color":"var(--ast-global-color-5)","background-image":"","background-repeat":"repeat","background-position":"center center","background-size":"auto","background-attachment":"scroll","background-type":"","background-media":"","overlay-type":"","overlay-color":"","overlay-opacity":"","overlay-gradient":""},"mobile":{"background-color":"var(--ast-global-color-5)","background-image":"","background-repeat":"repeat","background-position":"center center","background-size":"auto","background-attachment":"scroll","background-type":"","background-media":"","overlay-type":"","overlay-color":"","overlay-opacity":"","overlay-gradient":""}},"footnotes":""},"class_list":["post-2823","page","type-page","status-publish","hentry"],"_links":{"self":[{"href":"https:\/\/schahrasad-abiad.com\/en\/wp-json\/wp\/v2\/pages\/2823","targetHints":{"allow":["GET"]}}],"collection":[{"href":"https:\/\/schahrasad-abiad.com\/en\/wp-json\/wp\/v2\/pages"}],"about":[{"href":"https:\/\/schahrasad-abiad.com\/en\/wp-json\/wp\/v2\/types\/page"}],"author":[{"embeddable":true,"href":"https:\/\/schahrasad-abiad.com\/en\/wp-json\/wp\/v2\/users\/1"}],"replies":[{"embeddable":true,"href":"https:\/\/schahrasad-abiad.com\/en\/wp-json\/wp\/v2\/comments?post=2823"}],"version-history":[{"count":31,"href":"https:\/\/schahrasad-abiad.com\/en\/wp-json\/wp\/v2\/pages\/2823\/revisions"}],"predecessor-version":[{"id":3842,"href":"https:\/\/schahrasad-abiad.com\/en\/wp-json\/wp\/v2\/pages\/2823\/revisions\/3842"}],"wp:attachment":[{"href":"https:\/\/schahrasad-abiad.com\/en\/wp-json\/wp\/v2\/media?parent=2823"}],"curies":[{"name":"wp","href":"https:\/\/api.w.org\/{rel}","templated":true}]}}